{"id":209547,"date":"2024-09-20T15:55:14","date_gmt":"2024-09-20T15:55:14","guid":{"rendered":"https:\/\/mdo.mewmedia.com\/vara-partners\/"},"modified":"2024-09-20T15:55:14","modified_gmt":"2024-09-20T15:55:14","slug":"vara-partners","status":"publish","type":"page","link":"https:\/\/mdo.mewmedia.com\/sv\/vara-partners\/","title":{"rendered":"V\u00e5ra partners"},"content":{"rendered":"<p>Vi \u00e4r stolta \u00f6ver att kunna kalla m\u00e5nga f\u00f6retag f\u00f6r v\u00e5ra partners.<br \/>\nHotell, researrang\u00f6rer och guider, m\u00e5nga litar p\u00e5 oss med sin verksamhet eftersom v\u00e5rt engagemang f\u00f6r f\u00f6rstklassig kundservice och uppm\u00e4rksamhet p\u00e5 detaljer \u00e5terspeglar deras egen.<br \/>\nAndra inser att med v\u00e5r erfarenhet av att flytta m\u00e4nniskor runt Alperna sedan 2004 \u00e4r v\u00e5r flygplatstransfer n\u00e5got som deras kunder kommer att uppskatta.<br \/>\nVi s\u00e4tter alltid v\u00e5ra kunder och deras resebehov i centrum f\u00f6r allt vi g\u00f6r.<br \/>\nVarje flygplatstransfer som vi tillhandah\u00e5ller \u00e4r lika viktig f\u00f6r oss som f\u00f6r dem som reser med oss.<br \/>\nVi fokuserar p\u00e5 detaljerna s\u00e5 att v\u00e5ra kunder helt enkelt kan slappna av och njuta av resan till sin semesterdestination.<br \/>\nOm du tror att dina kunder skulle uppskatta den typen av service och du skulle vilja samarbeta med oss, varf\u00f6r inte h\u00f6ra av dig till oss?<br \/>\nMejla oss p\u00e5 <a href=\"mailto:info@mountaindropoffs.com\">info@mountaindropoffs.com.<\/a>  <\/p>\n","protected":false},"excerpt":{"rendered":"<p>Vi \u00e4r stolta \u00f6ver att kunna kalla m\u00e5nga f\u00f6retag f\u00f6r v\u00e5ra partners. Hotell, researrang\u00f6rer och guider, m\u00e5nga litar p\u00e5 oss med sin verksamhet eftersom v\u00e5rt engagemang f\u00f6r f\u00f6rstklassig kundservice och uppm\u00e4rksamhet p\u00e5 detaljer \u00e5terspeglar deras egen. Andra inser att med v\u00e5r erfarenhet av att flytta m\u00e4nniskor runt Alperna sedan 2004 \u00e4r v\u00e5r flygplatstransfer n\u00e5got som [&hellip;]<\/p>\n","protected":false},"author":1,"featured_media":246544,"parent":0,"menu_order":0,"comment_status":"closed","ping_status":"closed","template":"template-standard.php","meta":{"_acf_changed":false,"inline_featured_image":false,"footnotes":""},"class_list":["post-209547","page","type-page","status-publish","has-post-thumbnail","hentry"],"acf":[],"yoast_head":"<!-- This site is optimized with the Yoast SEO plugin v24.0 - https:\/\/yoast.com\/wordpress\/plugins\/seo\/ -->\n<title>V\u00e5ra partners - Mountain Dropoffs<\/title>\n<meta name=\"robots\" content=\"index, follow, max-snippet:-1, max-image-preview:large, max-video-preview:-1\" \/>\n<link rel=\"canonical\" href=\"https:\/\/mdo.mewmedia.com\/sv\/vara-partners\/\" \/>\n<meta property=\"og:locale\" content=\"sv_SE\" \/>\n<meta property=\"og:type\" content=\"article\" \/>\n<meta property=\"og:title\" content=\"V\u00e5ra partners - Mountain Dropoffs\" \/>\n<meta property=\"og:description\" content=\"Vi \u00e4r stolta \u00f6ver att kunna kalla m\u00e5nga f\u00f6retag f\u00f6r v\u00e5ra partners. Hotell, researrang\u00f6rer och guider, m\u00e5nga litar p\u00e5 oss med sin verksamhet eftersom v\u00e5rt engagemang f\u00f6r f\u00f6rstklassig kundservice och uppm\u00e4rksamhet p\u00e5 detaljer \u00e5terspeglar deras egen. Andra inser att med v\u00e5r erfarenhet av att flytta m\u00e4nniskor runt Alperna sedan 2004 \u00e4r v\u00e5r flygplatstransfer n\u00e5got som [&hellip;]\" \/>\n<meta property=\"og:url\" content=\"https:\/\/mdo.mewmedia.com\/sv\/vara-partners\/\" \/>\n<meta property=\"og:site_name\" content=\"Mountain Dropoffs\" \/>\n<meta name=\"twitter:card\" content=\"summary_large_image\" \/>\n<meta name=\"twitter:label1\" content=\"Ber\u00e4knad l\u00e4stid\" \/>\n\t<meta name=\"twitter:data1\" content=\"1 minut\" \/>\n<script type=\"application\/ld+json\" class=\"yoast-schema-graph\">{\"@context\":\"https:\/\/schema.org\",\"@graph\":[{\"@type\":\"WebPage\",\"@id\":\"https:\/\/mdo.mewmedia.com\/sv\/vara-partners\/\",\"url\":\"https:\/\/mdo.mewmedia.com\/sv\/vara-partners\/\",\"name\":\"V\u00e5ra partners - Mountain Dropoffs\",\"isPartOf\":{\"@id\":\"https:\/\/mdo.mewmedia.com\/sv\/#website\"},\"primaryImageOfPage\":{\"@id\":\"https:\/\/mdo.mewmedia.com\/sv\/vara-partners\/#primaryimage\"},\"image\":{\"@id\":\"https:\/\/mdo.mewmedia.com\/sv\/vara-partners\/#primaryimage\"},\"thumbnailUrl\":\"https:\/\/mdo.mewmedia.com\/wp-content\/uploads\/2024\/09\/ave-calvar-JVEVXHlhXlY-unsplash-scaled.jpg\",\"datePublished\":\"2024-09-20T15:55:14+00:00\",\"dateModified\":\"2024-09-20T15:55:14+00:00\",\"breadcrumb\":{\"@id\":\"https:\/\/mdo.mewmedia.com\/sv\/vara-partners\/#breadcrumb\"},\"inLanguage\":\"sv-SE\",\"potentialAction\":[{\"@type\":\"ReadAction\",\"target\":[\"https:\/\/mdo.mewmedia.com\/sv\/vara-partners\/\"]}]},{\"@type\":\"ImageObject\",\"inLanguage\":\"sv-SE\",\"@id\":\"https:\/\/mdo.mewmedia.com\/sv\/vara-partners\/#primaryimage\",\"url\":\"https:\/\/mdo.mewmedia.com\/wp-content\/uploads\/2024\/09\/ave-calvar-JVEVXHlhXlY-unsplash-scaled.jpg\",\"contentUrl\":\"https:\/\/mdo.mewmedia.com\/wp-content\/uploads\/2024\/09\/ave-calvar-JVEVXHlhXlY-unsplash-scaled.jpg\",\"width\":2560,\"height\":1707},{\"@type\":\"BreadcrumbList\",\"@id\":\"https:\/\/mdo.mewmedia.com\/sv\/vara-partners\/#breadcrumb\",\"itemListElement\":[{\"@type\":\"ListItem\",\"position\":1,\"name\":\"Home\",\"item\":\"https:\/\/mdo.mewmedia.com\/transfer-till-geneve-flygplats\/\"},{\"@type\":\"ListItem\",\"position\":2,\"name\":\"V\u00e5ra partners\"}]},{\"@type\":\"WebSite\",\"@id\":\"https:\/\/mdo.mewmedia.com\/sv\/#website\",\"url\":\"https:\/\/mdo.mewmedia.com\/sv\/\",\"name\":\"Mountain Dropoffs\",\"description\":\"\",\"potentialAction\":[{\"@type\":\"SearchAction\",\"target\":{\"@type\":\"EntryPoint\",\"urlTemplate\":\"https:\/\/mdo.mewmedia.com\/sv\/?s={search_term_string}\"},\"query-input\":{\"@type\":\"PropertyValueSpecification\",\"valueRequired\":true,\"valueName\":\"search_term_string\"}}],\"inLanguage\":\"sv-SE\"}]}<\/script>\n<!-- \/ Yoast SEO plugin. -->","yoast_head_json":{"title":"V\u00e5ra partners - Mountain Dropoffs","robots":{"index":"index","follow":"follow","max-snippet":"max-snippet:-1","max-image-preview":"max-image-preview:large","max-video-preview":"max-video-preview:-1"},"canonical":"https:\/\/mdo.mewmedia.com\/sv\/vara-partners\/","og_locale":"sv_SE","og_type":"article","og_title":"V\u00e5ra partners - Mountain Dropoffs","og_description":"Vi \u00e4r stolta \u00f6ver att kunna kalla m\u00e5nga f\u00f6retag f\u00f6r v\u00e5ra partners. Hotell, researrang\u00f6rer och guider, m\u00e5nga litar p\u00e5 oss med sin verksamhet eftersom v\u00e5rt engagemang f\u00f6r f\u00f6rstklassig kundservice och uppm\u00e4rksamhet p\u00e5 detaljer \u00e5terspeglar deras egen. Andra inser att med v\u00e5r erfarenhet av att flytta m\u00e4nniskor runt Alperna sedan 2004 \u00e4r v\u00e5r flygplatstransfer n\u00e5got som [&hellip;]","og_url":"https:\/\/mdo.mewmedia.com\/sv\/vara-partners\/","og_site_name":"Mountain Dropoffs","twitter_card":"summary_large_image","twitter_misc":{"Ber\u00e4knad l\u00e4stid":"1 minut"},"schema":{"@context":"https:\/\/schema.org","@graph":[{"@type":"WebPage","@id":"https:\/\/mdo.mewmedia.com\/sv\/vara-partners\/","url":"https:\/\/mdo.mewmedia.com\/sv\/vara-partners\/","name":"V\u00e5ra partners - Mountain Dropoffs","isPartOf":{"@id":"https:\/\/mdo.mewmedia.com\/sv\/#website"},"primaryImageOfPage":{"@id":"https:\/\/mdo.mewmedia.com\/sv\/vara-partners\/#primaryimage"},"image":{"@id":"https:\/\/mdo.mewmedia.com\/sv\/vara-partners\/#primaryimage"},"thumbnailUrl":"https:\/\/mdo.mewmedia.com\/wp-content\/uploads\/2024\/09\/ave-calvar-JVEVXHlhXlY-unsplash-scaled.jpg","datePublished":"2024-09-20T15:55:14+00:00","dateModified":"2024-09-20T15:55:14+00:00","breadcrumb":{"@id":"https:\/\/mdo.mewmedia.com\/sv\/vara-partners\/#breadcrumb"},"inLanguage":"sv-SE","potentialAction":[{"@type":"ReadAction","target":["https:\/\/mdo.mewmedia.com\/sv\/vara-partners\/"]}]},{"@type":"ImageObject","inLanguage":"sv-SE","@id":"https:\/\/mdo.mewmedia.com\/sv\/vara-partners\/#primaryimage","url":"https:\/\/mdo.mewmedia.com\/wp-content\/uploads\/2024\/09\/ave-calvar-JVEVXHlhXlY-unsplash-scaled.jpg","contentUrl":"https:\/\/mdo.mewmedia.com\/wp-content\/uploads\/2024\/09\/ave-calvar-JVEVXHlhXlY-unsplash-scaled.jpg","width":2560,"height":1707},{"@type":"BreadcrumbList","@id":"https:\/\/mdo.mewmedia.com\/sv\/vara-partners\/#breadcrumb","itemListElement":[{"@type":"ListItem","position":1,"name":"Home","item":"https:\/\/mdo.mewmedia.com\/transfer-till-geneve-flygplats\/"},{"@type":"ListItem","position":2,"name":"V\u00e5ra partners"}]},{"@type":"WebSite","@id":"https:\/\/mdo.mewmedia.com\/sv\/#website","url":"https:\/\/mdo.mewmedia.com\/sv\/","name":"Mountain Dropoffs","description":"","potentialAction":[{"@type":"SearchAction","target":{"@type":"EntryPoint","urlTemplate":"https:\/\/mdo.mewmedia.com\/sv\/?s={search_term_string}"},"query-input":{"@type":"PropertyValueSpecification","valueRequired":true,"valueName":"search_term_string"}}],"inLanguage":"sv-SE"}]}},"_links":{"self":[{"href":"https:\/\/mdo.mewmedia.com\/sv\/wp-json\/wp\/v2\/pages\/209547","targetHints":{"allow":["GET"]}}],"collection":[{"href":"https:\/\/mdo.mewmedia.com\/sv\/wp-json\/wp\/v2\/pages"}],"about":[{"href":"https:\/\/mdo.mewmedia.com\/sv\/wp-json\/wp\/v2\/types\/page"}],"author":[{"embeddable":true,"href":"https:\/\/mdo.mewmedia.com\/sv\/wp-json\/wp\/v2\/users\/1"}],"replies":[{"embeddable":true,"href":"https:\/\/mdo.mewmedia.com\/sv\/wp-json\/wp\/v2\/comments?post=209547"}],"version-history":[{"count":0,"href":"https:\/\/mdo.mewmedia.com\/sv\/wp-json\/wp\/v2\/pages\/209547\/revisions"}],"wp:featuredmedia":[{"embeddable":true,"href":"https:\/\/mdo.mewmedia.com\/sv\/wp-json\/wp\/v2\/media\/246544"}],"wp:attachment":[{"href":"https:\/\/mdo.mewmedia.com\/sv\/wp-json\/wp\/v2\/media?parent=209547"}],"curies":[{"name":"wp","href":"https:\/\/api.w.org\/{rel}","templated":true}]}}