{"id":209550,"date":"2024-09-20T15:55:14","date_gmt":"2024-09-20T15:55:14","guid":{"rendered":"https:\/\/mdo.mewmedia.com\/os-nossos-parceiros\/"},"modified":"2024-09-20T15:55:14","modified_gmt":"2024-09-20T15:55:14","slug":"os-nossos-parceiros","status":"publish","type":"page","link":"https:\/\/mdo.mewmedia.com\/pt-pt\/os-nossos-parceiros\/","title":{"rendered":"Os nossos parceiros"},"content":{"rendered":"<p>Orgulhamo-nos de ter muitas empresas como nossos parceiros. Hot\u00e9is, operadores tur\u00edsticos e guias, muitos confiam-nos os seus neg\u00f3cios porque o nosso compromisso com o servi\u00e7o ao cliente de primeira classe e a aten\u00e7\u00e3o aos detalhes reflecte o seu pr\u00f3prio compromisso. Outros reconhecem que, com a nossa experi\u00eancia de transporte de pessoas nos Alpes desde 2004, o nosso servi\u00e7o de transferes do aeroporto \u00e9 algo que os seus clientes ir\u00e3o apreciar. Colocamos sempre os nossos clientes e as suas necessidades de viagem no centro de tudo o que fazemos. Cada transfer do aeroporto que fornecemos \u00e9 t\u00e3o importante para n\u00f3s como para quem viaja connosco. Concentramo-nos nos pormenores para que os nossos clientes possam simplesmente relaxar e desfrutar da viagem at\u00e9 ao seu destino de f\u00e9rias. Se este estilo de servi\u00e7o \u00e9 algo que acredita que os seus clientes apreciariam e se gostaria de estabelecer uma parceria connosco, ent\u00e3o porque n\u00e3o entra em contacto connosco? Envia-nos um e-mail para <a href=\"mailto:info@mountaindropoffs.com\">info@mountaindropoffs.com.<\/a>  <\/p>\n","protected":false},"excerpt":{"rendered":"<p>Orgulhamo-nos de ter muitas empresas como nossos parceiros. Hot\u00e9is, operadores tur\u00edsticos e guias, muitos confiam-nos os seus neg\u00f3cios porque o nosso compromisso com o servi\u00e7o ao cliente de primeira classe e a aten\u00e7\u00e3o aos detalhes reflecte o seu pr\u00f3prio compromisso. Outros reconhecem que, com a nossa experi\u00eancia de transporte de pessoas nos Alpes desde 2004, [&hellip;]<\/p>\n","protected":false},"author":1,"featured_media":205798,"parent":0,"menu_order":0,"comment_status":"closed","ping_status":"closed","template":"template-standard.php","meta":{"_acf_changed":false,"inline_featured_image":false,"footnotes":""},"class_list":["post-209550","page","type-page","status-publish","has-post-thumbnail","hentry"],"acf":[],"yoast_head":"<!-- This site is optimized with the Yoast SEO plugin v24.0 - https:\/\/yoast.com\/wordpress\/plugins\/seo\/ -->\n<title>Os nossos parceiros - Mountain Dropoffs<\/title>\n<meta name=\"robots\" content=\"index, follow, max-snippet:-1, max-image-preview:large, max-video-preview:-1\" \/>\n<link rel=\"canonical\" href=\"https:\/\/mdo.mewmedia.com\/pt-pt\/os-nossos-parceiros\/\" \/>\n<meta property=\"og:locale\" content=\"pt_PT\" \/>\n<meta property=\"og:type\" content=\"article\" \/>\n<meta property=\"og:title\" content=\"Os nossos parceiros - Mountain Dropoffs\" \/>\n<meta property=\"og:description\" content=\"Orgulhamo-nos de ter muitas empresas como nossos parceiros. Hot\u00e9is, operadores tur\u00edsticos e guias, muitos confiam-nos os seus neg\u00f3cios porque o nosso compromisso com o servi\u00e7o ao cliente de primeira classe e a aten\u00e7\u00e3o aos detalhes reflecte o seu pr\u00f3prio compromisso. Outros reconhecem que, com a nossa experi\u00eancia de transporte de pessoas nos Alpes desde 2004, [&hellip;]\" \/>\n<meta property=\"og:url\" content=\"https:\/\/mdo.mewmedia.com\/pt-pt\/os-nossos-parceiros\/\" \/>\n<meta property=\"og:site_name\" content=\"Mountain Dropoffs\" \/>\n<meta name=\"twitter:card\" content=\"summary_large_image\" \/>\n<meta name=\"twitter:label1\" content=\"Tempo estimado de leitura\" \/>\n\t<meta name=\"twitter:data1\" content=\"1 minuto\" \/>\n<script type=\"application\/ld+json\" class=\"yoast-schema-graph\">{\"@context\":\"https:\/\/schema.org\",\"@graph\":[{\"@type\":\"WebPage\",\"@id\":\"https:\/\/mdo.mewmedia.com\/pt-pt\/os-nossos-parceiros\/\",\"url\":\"https:\/\/mdo.mewmedia.com\/pt-pt\/os-nossos-parceiros\/\",\"name\":\"Os nossos parceiros - Mountain Dropoffs\",\"isPartOf\":{\"@id\":\"https:\/\/mdo.mewmedia.com\/pt-pt\/#website\"},\"primaryImageOfPage\":{\"@id\":\"https:\/\/mdo.mewmedia.com\/pt-pt\/os-nossos-parceiros\/#primaryimage\"},\"image\":{\"@id\":\"https:\/\/mdo.mewmedia.com\/pt-pt\/os-nossos-parceiros\/#primaryimage\"},\"thumbnailUrl\":\"https:\/\/mdo.mewmedia.com\/wp-content\/uploads\/2024\/09\/ave-calvar-JVEVXHlhXlY-unsplash-scaled.jpg\",\"datePublished\":\"2024-09-20T15:55:14+00:00\",\"dateModified\":\"2024-09-20T15:55:14+00:00\",\"breadcrumb\":{\"@id\":\"https:\/\/mdo.mewmedia.com\/pt-pt\/os-nossos-parceiros\/#breadcrumb\"},\"inLanguage\":\"pt-PT\",\"potentialAction\":[{\"@type\":\"ReadAction\",\"target\":[\"https:\/\/mdo.mewmedia.com\/pt-pt\/os-nossos-parceiros\/\"]}]},{\"@type\":\"ImageObject\",\"inLanguage\":\"pt-PT\",\"@id\":\"https:\/\/mdo.mewmedia.com\/pt-pt\/os-nossos-parceiros\/#primaryimage\",\"url\":\"https:\/\/mdo.mewmedia.com\/wp-content\/uploads\/2024\/09\/ave-calvar-JVEVXHlhXlY-unsplash-scaled.jpg\",\"contentUrl\":\"https:\/\/mdo.mewmedia.com\/wp-content\/uploads\/2024\/09\/ave-calvar-JVEVXHlhXlY-unsplash-scaled.jpg\",\"width\":2560,\"height\":1707,\"caption\":\"our-partners\"},{\"@type\":\"BreadcrumbList\",\"@id\":\"https:\/\/mdo.mewmedia.com\/pt-pt\/os-nossos-parceiros\/#breadcrumb\",\"itemListElement\":[{\"@type\":\"ListItem\",\"position\":1,\"name\":\"Home\",\"item\":\"https:\/\/mdo.mewmedia.com\/transferes-do-aeroporto-de-genebra\/\"},{\"@type\":\"ListItem\",\"position\":2,\"name\":\"Os nossos parceiros\"}]},{\"@type\":\"WebSite\",\"@id\":\"https:\/\/mdo.mewmedia.com\/pt-pt\/#website\",\"url\":\"https:\/\/mdo.mewmedia.com\/pt-pt\/\",\"name\":\"Mountain Dropoffs\",\"description\":\"\",\"potentialAction\":[{\"@type\":\"SearchAction\",\"target\":{\"@type\":\"EntryPoint\",\"urlTemplate\":\"https:\/\/mdo.mewmedia.com\/pt-pt\/?s={search_term_string}\"},\"query-input\":{\"@type\":\"PropertyValueSpecification\",\"valueRequired\":true,\"valueName\":\"search_term_string\"}}],\"inLanguage\":\"pt-PT\"}]}<\/script>\n<!-- \/ Yoast SEO plugin. -->","yoast_head_json":{"title":"Os nossos parceiros - Mountain Dropoffs","robots":{"index":"index","follow":"follow","max-snippet":"max-snippet:-1","max-image-preview":"max-image-preview:large","max-video-preview":"max-video-preview:-1"},"canonical":"https:\/\/mdo.mewmedia.com\/pt-pt\/os-nossos-parceiros\/","og_locale":"pt_PT","og_type":"article","og_title":"Os nossos parceiros - Mountain Dropoffs","og_description":"Orgulhamo-nos de ter muitas empresas como nossos parceiros. Hot\u00e9is, operadores tur\u00edsticos e guias, muitos confiam-nos os seus neg\u00f3cios porque o nosso compromisso com o servi\u00e7o ao cliente de primeira classe e a aten\u00e7\u00e3o aos detalhes reflecte o seu pr\u00f3prio compromisso. Outros reconhecem que, com a nossa experi\u00eancia de transporte de pessoas nos Alpes desde 2004, [&hellip;]","og_url":"https:\/\/mdo.mewmedia.com\/pt-pt\/os-nossos-parceiros\/","og_site_name":"Mountain Dropoffs","twitter_card":"summary_large_image","twitter_misc":{"Tempo estimado de leitura":"1 minuto"},"schema":{"@context":"https:\/\/schema.org","@graph":[{"@type":"WebPage","@id":"https:\/\/mdo.mewmedia.com\/pt-pt\/os-nossos-parceiros\/","url":"https:\/\/mdo.mewmedia.com\/pt-pt\/os-nossos-parceiros\/","name":"Os nossos parceiros - Mountain Dropoffs","isPartOf":{"@id":"https:\/\/mdo.mewmedia.com\/pt-pt\/#website"},"primaryImageOfPage":{"@id":"https:\/\/mdo.mewmedia.com\/pt-pt\/os-nossos-parceiros\/#primaryimage"},"image":{"@id":"https:\/\/mdo.mewmedia.com\/pt-pt\/os-nossos-parceiros\/#primaryimage"},"thumbnailUrl":"https:\/\/mdo.mewmedia.com\/wp-content\/uploads\/2024\/09\/ave-calvar-JVEVXHlhXlY-unsplash-scaled.jpg","datePublished":"2024-09-20T15:55:14+00:00","dateModified":"2024-09-20T15:55:14+00:00","breadcrumb":{"@id":"https:\/\/mdo.mewmedia.com\/pt-pt\/os-nossos-parceiros\/#breadcrumb"},"inLanguage":"pt-PT","potentialAction":[{"@type":"ReadAction","target":["https:\/\/mdo.mewmedia.com\/pt-pt\/os-nossos-parceiros\/"]}]},{"@type":"ImageObject","inLanguage":"pt-PT","@id":"https:\/\/mdo.mewmedia.com\/pt-pt\/os-nossos-parceiros\/#primaryimage","url":"https:\/\/mdo.mewmedia.com\/wp-content\/uploads\/2024\/09\/ave-calvar-JVEVXHlhXlY-unsplash-scaled.jpg","contentUrl":"https:\/\/mdo.mewmedia.com\/wp-content\/uploads\/2024\/09\/ave-calvar-JVEVXHlhXlY-unsplash-scaled.jpg","width":2560,"height":1707,"caption":"our-partners"},{"@type":"BreadcrumbList","@id":"https:\/\/mdo.mewmedia.com\/pt-pt\/os-nossos-parceiros\/#breadcrumb","itemListElement":[{"@type":"ListItem","position":1,"name":"Home","item":"https:\/\/mdo.mewmedia.com\/transferes-do-aeroporto-de-genebra\/"},{"@type":"ListItem","position":2,"name":"Os nossos parceiros"}]},{"@type":"WebSite","@id":"https:\/\/mdo.mewmedia.com\/pt-pt\/#website","url":"https:\/\/mdo.mewmedia.com\/pt-pt\/","name":"Mountain Dropoffs","description":"","potentialAction":[{"@type":"SearchAction","target":{"@type":"EntryPoint","urlTemplate":"https:\/\/mdo.mewmedia.com\/pt-pt\/?s={search_term_string}"},"query-input":{"@type":"PropertyValueSpecification","valueRequired":true,"valueName":"search_term_string"}}],"inLanguage":"pt-PT"}]}},"_links":{"self":[{"href":"https:\/\/mdo.mewmedia.com\/pt-pt\/wp-json\/wp\/v2\/pages\/209550","targetHints":{"allow":["GET"]}}],"collection":[{"href":"https:\/\/mdo.mewmedia.com\/pt-pt\/wp-json\/wp\/v2\/pages"}],"about":[{"href":"https:\/\/mdo.mewmedia.com\/pt-pt\/wp-json\/wp\/v2\/types\/page"}],"author":[{"embeddable":true,"href":"https:\/\/mdo.mewmedia.com\/pt-pt\/wp-json\/wp\/v2\/users\/1"}],"replies":[{"embeddable":true,"href":"https:\/\/mdo.mewmedia.com\/pt-pt\/wp-json\/wp\/v2\/comments?post=209550"}],"version-history":[{"count":0,"href":"https:\/\/mdo.mewmedia.com\/pt-pt\/wp-json\/wp\/v2\/pages\/209550\/revisions"}],"wp:featuredmedia":[{"embeddable":true,"href":"https:\/\/mdo.mewmedia.com\/pt-pt\/wp-json\/wp\/v2\/media\/205798"}],"wp:attachment":[{"href":"https:\/\/mdo.mewmedia.com\/pt-pt\/wp-json\/wp\/v2\/media?parent=209550"}],"curies":[{"name":"wp","href":"https:\/\/api.w.org\/{rel}","templated":true}]}}