{"id":209541,"date":"2024-09-20T15:55:14","date_gmt":"2024-09-20T15:55:14","guid":{"rendered":"https:\/\/mdo.mewmedia.com\/vare-partnere\/"},"modified":"2024-09-20T15:55:14","modified_gmt":"2024-09-20T15:55:14","slug":"vare-partnere","status":"publish","type":"page","link":"https:\/\/mdo.mewmedia.com\/no\/vare-partnere\/","title":{"rendered":"V\u00e5re partnere"},"content":{"rendered":"<p>Vi er stolte av \u00e5 kunne kalle mange virksomheter v\u00e5re partnere.<br \/>\nB\u00e5de hoteller, turoperat\u00f8rer og guider stoler p\u00e5 oss fordi v\u00e5rt engasjement for f\u00f8rsteklasses kundeservice og sans for detaljer gjenspeiler deres eget.<br \/>\nAndre erkjenner at v\u00e5r erfaring med \u00e5 frakte folk rundt i Alpene siden 2004 gj\u00f8r at kundene deres vil sette pris p\u00e5 flyplasstransporten v\u00e5r.<br \/>\nVi setter alltid kundene v\u00e5re og deres reisebehov i sentrum for alt vi gj\u00f8r.<br \/>\nHver eneste flyplasstransport vi tilbyr er like viktig for oss som den er for dem som reiser med oss.<br \/>\nVi fokuserer p\u00e5 detaljene, slik at kundene v\u00e5re bare kan slappe av og nyte turen til feriedestinasjonen.<br \/>\nHvis du tror at kundene dine vil sette pris p\u00e5 denne typen service, og du \u00f8nsker \u00e5 samarbeide med oss, kan du ta kontakt med oss.<br \/>\nSend oss en e-post p\u00e5 <a href=\"mailto:info@mountaindropoffs.com\">info@mountaindropoffs.com.<\/a>  <\/p>\n","protected":false},"excerpt":{"rendered":"<p>Vi er stolte av \u00e5 kunne kalle mange virksomheter v\u00e5re partnere. B\u00e5de hoteller, turoperat\u00f8rer og guider stoler p\u00e5 oss fordi v\u00e5rt engasjement for f\u00f8rsteklasses kundeservice og sans for detaljer gjenspeiler deres eget. Andre erkjenner at v\u00e5r erfaring med \u00e5 frakte folk rundt i Alpene siden 2004 gj\u00f8r at kundene deres vil sette pris p\u00e5 flyplasstransporten [&hellip;]<\/p>\n","protected":false},"author":1,"featured_media":209542,"parent":0,"menu_order":0,"comment_status":"closed","ping_status":"closed","template":"template-standard.php","meta":{"_acf_changed":false,"inline_featured_image":false,"footnotes":""},"class_list":["post-209541","page","type-page","status-publish","has-post-thumbnail","hentry"],"acf":[],"yoast_head":"<!-- This site is optimized with the Yoast SEO plugin v24.0 - https:\/\/yoast.com\/wordpress\/plugins\/seo\/ -->\n<title>V\u00e5re partnere - Mountain Dropoffs<\/title>\n<meta name=\"robots\" content=\"index, follow, max-snippet:-1, max-image-preview:large, max-video-preview:-1\" \/>\n<link rel=\"canonical\" href=\"https:\/\/mdo.mewmedia.com\/no\/vare-partnere\/\" \/>\n<meta property=\"og:locale\" content=\"nb_NO\" \/>\n<meta property=\"og:type\" content=\"article\" \/>\n<meta property=\"og:title\" content=\"V\u00e5re partnere - Mountain Dropoffs\" \/>\n<meta property=\"og:description\" content=\"Vi er stolte av \u00e5 kunne kalle mange virksomheter v\u00e5re partnere. B\u00e5de hoteller, turoperat\u00f8rer og guider stoler p\u00e5 oss fordi v\u00e5rt engasjement for f\u00f8rsteklasses kundeservice og sans for detaljer gjenspeiler deres eget. Andre erkjenner at v\u00e5r erfaring med \u00e5 frakte folk rundt i Alpene siden 2004 gj\u00f8r at kundene deres vil sette pris p\u00e5 flyplasstransporten [&hellip;]\" \/>\n<meta property=\"og:url\" content=\"https:\/\/mdo.mewmedia.com\/no\/vare-partnere\/\" \/>\n<meta property=\"og:site_name\" content=\"Mountain Dropoffs\" \/>\n<meta name=\"twitter:card\" content=\"summary_large_image\" \/>\n<meta name=\"twitter:label1\" content=\"Ansl. lesetid\" \/>\n\t<meta name=\"twitter:data1\" content=\"1 minutt\" \/>\n<script type=\"application\/ld+json\" class=\"yoast-schema-graph\">{\"@context\":\"https:\/\/schema.org\",\"@graph\":[{\"@type\":\"WebPage\",\"@id\":\"https:\/\/mdo.mewmedia.com\/no\/vare-partnere\/\",\"url\":\"https:\/\/mdo.mewmedia.com\/no\/vare-partnere\/\",\"name\":\"V\u00e5re partnere - Mountain Dropoffs\",\"isPartOf\":{\"@id\":\"https:\/\/mdo.mewmedia.com\/no\/#website\"},\"primaryImageOfPage\":{\"@id\":\"https:\/\/mdo.mewmedia.com\/no\/vare-partnere\/#primaryimage\"},\"image\":{\"@id\":\"https:\/\/mdo.mewmedia.com\/no\/vare-partnere\/#primaryimage\"},\"thumbnailUrl\":\"https:\/\/mdo.mewmedia.com\/wp-content\/uploads\/2024\/09\/ave-calvar-JVEVXHlhXlY-unsplash-scaled.jpg\",\"datePublished\":\"2024-09-20T15:55:14+00:00\",\"dateModified\":\"2024-09-20T15:55:14+00:00\",\"breadcrumb\":{\"@id\":\"https:\/\/mdo.mewmedia.com\/no\/vare-partnere\/#breadcrumb\"},\"inLanguage\":\"nb-NO\",\"potentialAction\":[{\"@type\":\"ReadAction\",\"target\":[\"https:\/\/mdo.mewmedia.com\/no\/vare-partnere\/\"]}]},{\"@type\":\"ImageObject\",\"inLanguage\":\"nb-NO\",\"@id\":\"https:\/\/mdo.mewmedia.com\/no\/vare-partnere\/#primaryimage\",\"url\":\"https:\/\/mdo.mewmedia.com\/wp-content\/uploads\/2024\/09\/ave-calvar-JVEVXHlhXlY-unsplash-scaled.jpg\",\"contentUrl\":\"https:\/\/mdo.mewmedia.com\/wp-content\/uploads\/2024\/09\/ave-calvar-JVEVXHlhXlY-unsplash-scaled.jpg\",\"width\":2560,\"height\":1707},{\"@type\":\"BreadcrumbList\",\"@id\":\"https:\/\/mdo.mewmedia.com\/no\/vare-partnere\/#breadcrumb\",\"itemListElement\":[{\"@type\":\"ListItem\",\"position\":1,\"name\":\"Home\",\"item\":\"https:\/\/mdo.mewmedia.com\/transport-til-geneve-lufthavn\/\"},{\"@type\":\"ListItem\",\"position\":2,\"name\":\"V\u00e5re partnere\"}]},{\"@type\":\"WebSite\",\"@id\":\"https:\/\/mdo.mewmedia.com\/no\/#website\",\"url\":\"https:\/\/mdo.mewmedia.com\/no\/\",\"name\":\"Mountain Dropoffs\",\"description\":\"\",\"potentialAction\":[{\"@type\":\"SearchAction\",\"target\":{\"@type\":\"EntryPoint\",\"urlTemplate\":\"https:\/\/mdo.mewmedia.com\/no\/?s={search_term_string}\"},\"query-input\":{\"@type\":\"PropertyValueSpecification\",\"valueRequired\":true,\"valueName\":\"search_term_string\"}}],\"inLanguage\":\"nb-NO\"}]}<\/script>\n<!-- \/ Yoast SEO plugin. -->","yoast_head_json":{"title":"V\u00e5re partnere - Mountain Dropoffs","robots":{"index":"index","follow":"follow","max-snippet":"max-snippet:-1","max-image-preview":"max-image-preview:large","max-video-preview":"max-video-preview:-1"},"canonical":"https:\/\/mdo.mewmedia.com\/no\/vare-partnere\/","og_locale":"nb_NO","og_type":"article","og_title":"V\u00e5re partnere - Mountain Dropoffs","og_description":"Vi er stolte av \u00e5 kunne kalle mange virksomheter v\u00e5re partnere. B\u00e5de hoteller, turoperat\u00f8rer og guider stoler p\u00e5 oss fordi v\u00e5rt engasjement for f\u00f8rsteklasses kundeservice og sans for detaljer gjenspeiler deres eget. Andre erkjenner at v\u00e5r erfaring med \u00e5 frakte folk rundt i Alpene siden 2004 gj\u00f8r at kundene deres vil sette pris p\u00e5 flyplasstransporten [&hellip;]","og_url":"https:\/\/mdo.mewmedia.com\/no\/vare-partnere\/","og_site_name":"Mountain Dropoffs","twitter_card":"summary_large_image","twitter_misc":{"Ansl. lesetid":"1 minutt"},"schema":{"@context":"https:\/\/schema.org","@graph":[{"@type":"WebPage","@id":"https:\/\/mdo.mewmedia.com\/no\/vare-partnere\/","url":"https:\/\/mdo.mewmedia.com\/no\/vare-partnere\/","name":"V\u00e5re partnere - Mountain Dropoffs","isPartOf":{"@id":"https:\/\/mdo.mewmedia.com\/no\/#website"},"primaryImageOfPage":{"@id":"https:\/\/mdo.mewmedia.com\/no\/vare-partnere\/#primaryimage"},"image":{"@id":"https:\/\/mdo.mewmedia.com\/no\/vare-partnere\/#primaryimage"},"thumbnailUrl":"https:\/\/mdo.mewmedia.com\/wp-content\/uploads\/2024\/09\/ave-calvar-JVEVXHlhXlY-unsplash-scaled.jpg","datePublished":"2024-09-20T15:55:14+00:00","dateModified":"2024-09-20T15:55:14+00:00","breadcrumb":{"@id":"https:\/\/mdo.mewmedia.com\/no\/vare-partnere\/#breadcrumb"},"inLanguage":"nb-NO","potentialAction":[{"@type":"ReadAction","target":["https:\/\/mdo.mewmedia.com\/no\/vare-partnere\/"]}]},{"@type":"ImageObject","inLanguage":"nb-NO","@id":"https:\/\/mdo.mewmedia.com\/no\/vare-partnere\/#primaryimage","url":"https:\/\/mdo.mewmedia.com\/wp-content\/uploads\/2024\/09\/ave-calvar-JVEVXHlhXlY-unsplash-scaled.jpg","contentUrl":"https:\/\/mdo.mewmedia.com\/wp-content\/uploads\/2024\/09\/ave-calvar-JVEVXHlhXlY-unsplash-scaled.jpg","width":2560,"height":1707},{"@type":"BreadcrumbList","@id":"https:\/\/mdo.mewmedia.com\/no\/vare-partnere\/#breadcrumb","itemListElement":[{"@type":"ListItem","position":1,"name":"Home","item":"https:\/\/mdo.mewmedia.com\/transport-til-geneve-lufthavn\/"},{"@type":"ListItem","position":2,"name":"V\u00e5re partnere"}]},{"@type":"WebSite","@id":"https:\/\/mdo.mewmedia.com\/no\/#website","url":"https:\/\/mdo.mewmedia.com\/no\/","name":"Mountain Dropoffs","description":"","potentialAction":[{"@type":"SearchAction","target":{"@type":"EntryPoint","urlTemplate":"https:\/\/mdo.mewmedia.com\/no\/?s={search_term_string}"},"query-input":{"@type":"PropertyValueSpecification","valueRequired":true,"valueName":"search_term_string"}}],"inLanguage":"nb-NO"}]}},"_links":{"self":[{"href":"https:\/\/mdo.mewmedia.com\/no\/wp-json\/wp\/v2\/pages\/209541","targetHints":{"allow":["GET"]}}],"collection":[{"href":"https:\/\/mdo.mewmedia.com\/no\/wp-json\/wp\/v2\/pages"}],"about":[{"href":"https:\/\/mdo.mewmedia.com\/no\/wp-json\/wp\/v2\/types\/page"}],"author":[{"embeddable":true,"href":"https:\/\/mdo.mewmedia.com\/no\/wp-json\/wp\/v2\/users\/1"}],"replies":[{"embeddable":true,"href":"https:\/\/mdo.mewmedia.com\/no\/wp-json\/wp\/v2\/comments?post=209541"}],"version-history":[{"count":0,"href":"https:\/\/mdo.mewmedia.com\/no\/wp-json\/wp\/v2\/pages\/209541\/revisions"}],"wp:featuredmedia":[{"embeddable":true,"href":"https:\/\/mdo.mewmedia.com\/no\/wp-json\/wp\/v2\/media\/209542"}],"wp:attachment":[{"href":"https:\/\/mdo.mewmedia.com\/no\/wp-json\/wp\/v2\/media?parent=209541"}],"curies":[{"name":"wp","href":"https:\/\/api.w.org\/{rel}","templated":true}]}}