{"id":209548,"date":"2024-09-20T15:55:14","date_gmt":"2024-09-20T15:55:14","guid":{"rendered":"https:\/\/mdo.mewmedia.com\/nuestros-socios\/"},"modified":"2024-09-20T15:55:14","modified_gmt":"2024-09-20T15:55:14","slug":"nuestros-socios","status":"publish","type":"page","link":"https:\/\/mdo.mewmedia.com\/es\/nuestros-socios\/","title":{"rendered":"Nuestros socios"},"content":{"rendered":"<p>Estamos orgullosos de llamar socios a muchas empresas.<br \/>\nHoteles, operadores tur\u00edsticos y gu\u00edas por igual, muchos nos conf\u00edan su negocio porque nuestro compromiso con un servicio al cliente de primera clase y nuestra atenci\u00f3n al detalle reflejan el suyo propio.<br \/>\nOtros reconocen que, con nuestra experiencia en el traslado de personas por los Alpes desde 2004, nuestro servicio de traslado al aeropuerto es algo que sus clientes apreciar\u00e1n.<br \/>\nSiempre ponemos a nuestros clientes y sus necesidades de viaje en el centro de todo lo que hacemos.<br \/>\nCada traslado al aeropuerto que realizamos es tan importante para nosotros como para quienes viajan con nosotros.<br \/>\nNos centramos en los detalles para que nuestros clientes puedan simplemente relajarse y disfrutar del viaje a su destino de vacaciones.<br \/>\nSi crees que tus clientes apreciar\u00e1n este estilo de servicio y te gustar\u00eda colaborar con nosotros, ponte en contacto con nosotros.<br \/>\nEnv\u00edanos un correo electr\u00f3nico a <a href=\"mailto:info@mountaindropoffs.com\">info@mountaindropoffs.com.<\/a>  <\/p>\n","protected":false},"excerpt":{"rendered":"<p>Estamos orgullosos de llamar socios a muchas empresas. Hoteles, operadores tur\u00edsticos y gu\u00edas por igual, muchos nos conf\u00edan su negocio porque nuestro compromiso con un servicio al cliente de primera clase y nuestra atenci\u00f3n al detalle reflejan el suyo propio. Otros reconocen que, con nuestra experiencia en el traslado de personas por los Alpes desde [&hellip;]<\/p>\n","protected":false},"author":1,"featured_media":205800,"parent":0,"menu_order":0,"comment_status":"closed","ping_status":"closed","template":"template-standard.php","meta":{"_acf_changed":false,"inline_featured_image":false,"footnotes":""},"class_list":["post-209548","page","type-page","status-publish","has-post-thumbnail","hentry"],"acf":[],"yoast_head":"<!-- This site is optimized with the Yoast SEO plugin v24.0 - https:\/\/yoast.com\/wordpress\/plugins\/seo\/ -->\n<title>Nuestros socios - Mountain Dropoffs<\/title>\n<meta name=\"robots\" content=\"index, follow, max-snippet:-1, max-image-preview:large, max-video-preview:-1\" \/>\n<link rel=\"canonical\" href=\"https:\/\/mdo.mewmedia.com\/es\/nuestros-socios\/\" \/>\n<meta property=\"og:locale\" content=\"es_ES\" \/>\n<meta property=\"og:type\" content=\"article\" \/>\n<meta property=\"og:title\" content=\"Nuestros socios - Mountain Dropoffs\" \/>\n<meta property=\"og:description\" content=\"Estamos orgullosos de llamar socios a muchas empresas. Hoteles, operadores tur\u00edsticos y gu\u00edas por igual, muchos nos conf\u00edan su negocio porque nuestro compromiso con un servicio al cliente de primera clase y nuestra atenci\u00f3n al detalle reflejan el suyo propio. Otros reconocen que, con nuestra experiencia en el traslado de personas por los Alpes desde [&hellip;]\" \/>\n<meta property=\"og:url\" content=\"https:\/\/mdo.mewmedia.com\/es\/nuestros-socios\/\" \/>\n<meta property=\"og:site_name\" content=\"Mountain Dropoffs\" \/>\n<meta name=\"twitter:card\" content=\"summary_large_image\" \/>\n<meta name=\"twitter:label1\" content=\"Tiempo de lectura\" \/>\n\t<meta name=\"twitter:data1\" content=\"1 minuto\" \/>\n<script type=\"application\/ld+json\" class=\"yoast-schema-graph\">{\"@context\":\"https:\/\/schema.org\",\"@graph\":[{\"@type\":\"WebPage\",\"@id\":\"https:\/\/mdo.mewmedia.com\/es\/nuestros-socios\/\",\"url\":\"https:\/\/mdo.mewmedia.com\/es\/nuestros-socios\/\",\"name\":\"Nuestros socios - Mountain Dropoffs\",\"isPartOf\":{\"@id\":\"https:\/\/mdo.mewmedia.com\/es\/#website\"},\"primaryImageOfPage\":{\"@id\":\"https:\/\/mdo.mewmedia.com\/es\/nuestros-socios\/#primaryimage\"},\"image\":{\"@id\":\"https:\/\/mdo.mewmedia.com\/es\/nuestros-socios\/#primaryimage\"},\"thumbnailUrl\":\"https:\/\/mdo.mewmedia.com\/wp-content\/uploads\/2024\/09\/ave-calvar-JVEVXHlhXlY-unsplash-scaled.jpg\",\"datePublished\":\"2024-09-20T15:55:14+00:00\",\"dateModified\":\"2024-09-20T15:55:14+00:00\",\"breadcrumb\":{\"@id\":\"https:\/\/mdo.mewmedia.com\/es\/nuestros-socios\/#breadcrumb\"},\"inLanguage\":\"es\",\"potentialAction\":[{\"@type\":\"ReadAction\",\"target\":[\"https:\/\/mdo.mewmedia.com\/es\/nuestros-socios\/\"]}]},{\"@type\":\"ImageObject\",\"inLanguage\":\"es\",\"@id\":\"https:\/\/mdo.mewmedia.com\/es\/nuestros-socios\/#primaryimage\",\"url\":\"https:\/\/mdo.mewmedia.com\/wp-content\/uploads\/2024\/09\/ave-calvar-JVEVXHlhXlY-unsplash-scaled.jpg\",\"contentUrl\":\"https:\/\/mdo.mewmedia.com\/wp-content\/uploads\/2024\/09\/ave-calvar-JVEVXHlhXlY-unsplash-scaled.jpg\",\"width\":2560,\"height\":1707,\"caption\":\"our-partners\"},{\"@type\":\"BreadcrumbList\",\"@id\":\"https:\/\/mdo.mewmedia.com\/es\/nuestros-socios\/#breadcrumb\",\"itemListElement\":[{\"@type\":\"ListItem\",\"position\":1,\"name\":\"Home\",\"item\":\"https:\/\/mdo.mewmedia.com\/traslados-aeropuerto-ginebra\/\"},{\"@type\":\"ListItem\",\"position\":2,\"name\":\"Nuestros socios\"}]},{\"@type\":\"WebSite\",\"@id\":\"https:\/\/mdo.mewmedia.com\/es\/#website\",\"url\":\"https:\/\/mdo.mewmedia.com\/es\/\",\"name\":\"Mountain Dropoffs\",\"description\":\"\",\"potentialAction\":[{\"@type\":\"SearchAction\",\"target\":{\"@type\":\"EntryPoint\",\"urlTemplate\":\"https:\/\/mdo.mewmedia.com\/es\/?s={search_term_string}\"},\"query-input\":{\"@type\":\"PropertyValueSpecification\",\"valueRequired\":true,\"valueName\":\"search_term_string\"}}],\"inLanguage\":\"es\"}]}<\/script>\n<!-- \/ Yoast SEO plugin. -->","yoast_head_json":{"title":"Nuestros socios - Mountain Dropoffs","robots":{"index":"index","follow":"follow","max-snippet":"max-snippet:-1","max-image-preview":"max-image-preview:large","max-video-preview":"max-video-preview:-1"},"canonical":"https:\/\/mdo.mewmedia.com\/es\/nuestros-socios\/","og_locale":"es_ES","og_type":"article","og_title":"Nuestros socios - Mountain Dropoffs","og_description":"Estamos orgullosos de llamar socios a muchas empresas. Hoteles, operadores tur\u00edsticos y gu\u00edas por igual, muchos nos conf\u00edan su negocio porque nuestro compromiso con un servicio al cliente de primera clase y nuestra atenci\u00f3n al detalle reflejan el suyo propio. Otros reconocen que, con nuestra experiencia en el traslado de personas por los Alpes desde [&hellip;]","og_url":"https:\/\/mdo.mewmedia.com\/es\/nuestros-socios\/","og_site_name":"Mountain Dropoffs","twitter_card":"summary_large_image","twitter_misc":{"Tiempo de lectura":"1 minuto"},"schema":{"@context":"https:\/\/schema.org","@graph":[{"@type":"WebPage","@id":"https:\/\/mdo.mewmedia.com\/es\/nuestros-socios\/","url":"https:\/\/mdo.mewmedia.com\/es\/nuestros-socios\/","name":"Nuestros socios - Mountain Dropoffs","isPartOf":{"@id":"https:\/\/mdo.mewmedia.com\/es\/#website"},"primaryImageOfPage":{"@id":"https:\/\/mdo.mewmedia.com\/es\/nuestros-socios\/#primaryimage"},"image":{"@id":"https:\/\/mdo.mewmedia.com\/es\/nuestros-socios\/#primaryimage"},"thumbnailUrl":"https:\/\/mdo.mewmedia.com\/wp-content\/uploads\/2024\/09\/ave-calvar-JVEVXHlhXlY-unsplash-scaled.jpg","datePublished":"2024-09-20T15:55:14+00:00","dateModified":"2024-09-20T15:55:14+00:00","breadcrumb":{"@id":"https:\/\/mdo.mewmedia.com\/es\/nuestros-socios\/#breadcrumb"},"inLanguage":"es","potentialAction":[{"@type":"ReadAction","target":["https:\/\/mdo.mewmedia.com\/es\/nuestros-socios\/"]}]},{"@type":"ImageObject","inLanguage":"es","@id":"https:\/\/mdo.mewmedia.com\/es\/nuestros-socios\/#primaryimage","url":"https:\/\/mdo.mewmedia.com\/wp-content\/uploads\/2024\/09\/ave-calvar-JVEVXHlhXlY-unsplash-scaled.jpg","contentUrl":"https:\/\/mdo.mewmedia.com\/wp-content\/uploads\/2024\/09\/ave-calvar-JVEVXHlhXlY-unsplash-scaled.jpg","width":2560,"height":1707,"caption":"our-partners"},{"@type":"BreadcrumbList","@id":"https:\/\/mdo.mewmedia.com\/es\/nuestros-socios\/#breadcrumb","itemListElement":[{"@type":"ListItem","position":1,"name":"Home","item":"https:\/\/mdo.mewmedia.com\/traslados-aeropuerto-ginebra\/"},{"@type":"ListItem","position":2,"name":"Nuestros socios"}]},{"@type":"WebSite","@id":"https:\/\/mdo.mewmedia.com\/es\/#website","url":"https:\/\/mdo.mewmedia.com\/es\/","name":"Mountain Dropoffs","description":"","potentialAction":[{"@type":"SearchAction","target":{"@type":"EntryPoint","urlTemplate":"https:\/\/mdo.mewmedia.com\/es\/?s={search_term_string}"},"query-input":{"@type":"PropertyValueSpecification","valueRequired":true,"valueName":"search_term_string"}}],"inLanguage":"es"}]}},"_links":{"self":[{"href":"https:\/\/mdo.mewmedia.com\/es\/wp-json\/wp\/v2\/pages\/209548","targetHints":{"allow":["GET"]}}],"collection":[{"href":"https:\/\/mdo.mewmedia.com\/es\/wp-json\/wp\/v2\/pages"}],"about":[{"href":"https:\/\/mdo.mewmedia.com\/es\/wp-json\/wp\/v2\/types\/page"}],"author":[{"embeddable":true,"href":"https:\/\/mdo.mewmedia.com\/es\/wp-json\/wp\/v2\/users\/1"}],"replies":[{"embeddable":true,"href":"https:\/\/mdo.mewmedia.com\/es\/wp-json\/wp\/v2\/comments?post=209548"}],"version-history":[{"count":0,"href":"https:\/\/mdo.mewmedia.com\/es\/wp-json\/wp\/v2\/pages\/209548\/revisions"}],"wp:featuredmedia":[{"embeddable":true,"href":"https:\/\/mdo.mewmedia.com\/es\/wp-json\/wp\/v2\/media\/205800"}],"wp:attachment":[{"href":"https:\/\/mdo.mewmedia.com\/es\/wp-json\/wp\/v2\/media?parent=209548"}],"curies":[{"name":"wp","href":"https:\/\/api.w.org\/{rel}","templated":true}]}}